























{"id":178,"date":"2011-07-22T18:12:59","date_gmt":"2011-07-22T18:12:59","guid":{"rendered":"http:\/\/www.ctmsonora.org\/?page_id=178"},"modified":"2023-12-01T21:31:06","modified_gmt":"2023-12-01T21:31:06","slug":"comite-ejecutivo","status":"publish","type":"page","link":"http:\/\/www.ctmsonora.org\/?page_id=178","title":{"rendered":"COMIT\u00c9 EJECUTIVO"},"content":{"rendered":"<table class=\"table\" cellspacing=\"0\" cellpadding=\"4\">\n<thead class=\"thead-default\">\n<tr class=\"back_header\">\n<th colspan=\"2\"><strong>SECRETARIO GENERAL: LIC. JAVIER VILLARREAL G\u00c1MEZ<\/strong><\/th>\n<\/tr>\n<\/thead>\n<tbody>\n<tr class=\"back_tr1\">\n<td colspan=\"2\"><strong>SECRETARIOS GENERALES SUSTITUTOS:<\/strong><\/td>\n<\/tr>\n<tr>\n<td colspan=\"2\">C. OSCAR ORTIZ ARVAYO<\/td>\n<\/tr>\n<tr class=\"back_tr1\">\n<td colspan=\"2\">C. LUIS ALFONSO ACOSTA C\u00c1RDENAS<\/td>\n<\/tr>\n<tr>\n<td colspan=\"2\">C. JUAN ROLANDO CORRAL L\u00d3PEZ<\/td>\n<\/tr>\n<tr class=\"back_tr1\">\n<td colspan=\"2\">C. GUILLERMO PE\u00d1A ENRIQUEZ<\/td>\n<\/tr>\n<tr>\n<td colspan=\"2\">C. GUADALUPE ADELA GRACIA BEN\u00cdTEZ<\/td>\n<\/tr>\n<tr class=\"back_tr1\">\n<td colspan=\"2\">C. H\u00c9CTOR ROBLES N\u00da\u00d1EZ<\/td>\n<\/tr>\n<\/tbody>\n<\/table>\n<table class=\"table\" cellspacing=\"0\" cellpadding=\"4\" align=\"center\">\n<thead class=\"thead-default\">\n<tr class=\"back_header\">\n<th colspan=\"2\"><strong>SECRETAR\u00cdA DE ORGANIZACI\u00d3N, ESTAD\u00cdSTICA Y PROMOCI\u00d3N SINDICAL<\/strong><\/th>\n<\/tr>\n<\/thead>\n<tbody>\n<tr class=\"back_tr1\">\n<td class=\"tit-puestos\"><strong>SECRETARIO:<\/strong><\/td>\n<td>C. ROM\u00c1N ALBERTO HOLGU\u00cdN VILLEGAS<\/td>\n<\/tr>\n<tr>\n<td><strong>SUBSECRETARIO:<\/strong><\/td>\n<td>C. JORGE LUIS VEGA VALLES<\/td>\n<\/tr>\n<tr class=\"back_tr1\">\n<td><strong>SUBSECRETARIO:<\/strong><\/td>\n<td>C. RAYMUNDO CARPIO SIQUEIROS<\/td>\n<\/tr>\n<tr>\n<td><strong>SUBSECRETARIO:<\/strong><\/td>\n<td>C. JOS\u00c9 \u00c1NGEL DUARTE COTA<\/td>\n<\/tr>\n<\/tbody>\n<\/table>\n<table class=\"table\" cellspacing=\"0\" cellpadding=\"4\" align=\"center\">\n<thead class=\"thead-default\">\n<tr class=\"back_header\">\n<th colspan=\"2\"><strong>SECRETAR\u00cdA DEL TRABAJO<\/strong><\/th>\n<\/tr>\n<\/thead>\n<tbody>\n<tr class=\"back_tr1\">\n<td class=\"tit-puestos\"><strong>SECRETARIO:<\/strong><\/td>\n<td>C. ILDEFONSO V\u00c1SQUEZ CANO<\/td>\n<\/tr>\n<tr>\n<td><strong>SUBSECRETARIO:<\/strong><\/td>\n<td>C. ESTEBAN IBARRA VALENZUELA<\/td>\n<\/tr>\n<tr class=\"back_tr1\">\n<td><strong>SUBSECRETARIO:<\/strong><\/td>\n<td>C. JUAN JAVIER BARRAZA JU\u00c1REZ<\/td>\n<\/tr>\n<tr>\n<td><strong>SUBSECRETARIO:<\/strong><\/td>\n<td>C. MART\u00cdN ERNESTO CASTRO RODR\u00cdGUEZ<\/td>\n<\/tr>\n<\/tbody>\n<\/table>\n<table class=\"table\" style=\"width: 100%;\" cellspacing=\"0\" cellpadding=\"4\" align=\"center\">\n<thead class=\"thead-default\">\n<tr class=\"back_header\">\n<th style=\"width: 99.8758%;\" colspan=\"2\"><strong><strong>SECRETAR\u00cdA DE ASUNTOS ECON\u00d3MICOS<\/strong><\/strong>, DE ACCI\u00d3N OCUPACIONAL Y DESARROLLO PRODUCTIVO<\/th>\n<\/tr>\n<\/thead>\n<tbody>\n<tr class=\"back_tr1\">\n<td class=\"tit-puestos\" style=\"width: 33.6646%;\"><strong>SECRETARIO:<\/strong><\/td>\n<td style=\"width: 66.2112%;\">C. RICARDO MART\u00cdNEZ HERRERA<\/td>\n<\/tr>\n<tr>\n<td style=\"width: 33.6646%;\"><strong>SUBSECRETARIO:<\/strong><\/td>\n<td style=\"width: 66.2112%;\">C. AURELIO ESQUER SOTO<\/td>\n<\/tr>\n<tr class=\"back_tr1\">\n<td style=\"width: 33.6646%;\"><strong>SUBSECRETARIO:<\/strong><\/td>\n<td style=\"width: 66.2112%;\">C. CUAUHT\u00c9MOC REYES JAIMES<\/td>\n<\/tr>\n<tr>\n<td style=\"width: 33.6646%;\"><strong>SUBSECRETARIO:<\/strong><\/td>\n<td style=\"width: 66.2112%;\">C. ENRIQUE VILLA ICEA<\/td>\n<\/tr>\n<\/tbody>\n<\/table>\n<table class=\"table\" style=\"width: 100%;\" cellspacing=\"0\" cellpadding=\"4\" align=\"center\">\n<thead class=\"thead-default\">\n<tr class=\"back_header\">\n<th style=\"width: 99.8758%;\" colspan=\"2\"><strong>SECRETAR\u00cdA DE EDUCACI\u00d3N, CAPACITACI\u00d3N, ADIESTRAMIENTO Y PRODUCTIVIDAD<\/strong><\/th>\n<\/tr>\n<\/thead>\n<tbody>\n<tr class=\"back_tr1\">\n<td class=\"tit-puestos\" style=\"width: 32.9193%;\"><strong>SECRETARIO:<\/strong><\/td>\n<td style=\"width: 66.9565%;\">C. VICENTE JAVIER SOLIS GRANADOS<\/td>\n<\/tr>\n<tr>\n<td style=\"width: 32.9193%;\"><strong>SUBSECRETARIO:<\/strong><\/td>\n<td style=\"width: 66.9565%;\">C. NORMA ALICIA ESPINOZA SALAZAR<\/td>\n<\/tr>\n<tr class=\"back_tr1\">\n<td style=\"width: 32.9193%;\"><strong>SUBSECRETARIO:<\/strong><\/td>\n<td style=\"width: 66.9565%;\">C. MART\u00cdN VALENZUELA V\u00c1SQUEZ<\/td>\n<\/tr>\n<tr>\n<td style=\"width: 32.9193%;\"><strong>SUBSECRETARIO:<\/strong><\/td>\n<td style=\"width: 66.9565%;\">C. DELIA RUIZ IBARRA<\/td>\n<\/tr>\n<\/tbody>\n<\/table>\n<table class=\"table\" style=\"width: 100%; height: 178px;\" cellspacing=\"0\" cellpadding=\"4\" align=\"center\">\n<thead class=\"thead-default\">\n<tr class=\"back_header\" style=\"height: 38px;\">\n<th style=\"height: 38px;\" colspan=\"2\"><strong>SECRETAR\u00cdA DE ACCI\u00d3N POL\u00cdTICA<\/strong><\/th>\n<\/tr>\n<\/thead>\n<tbody>\n<tr class=\"back_tr1\" style=\"height: 35px;\">\n<td class=\"tit-puestos\" style=\"height: 35px;\"><strong>SECRETARIO:<\/strong><\/td>\n<td style=\"height: 35px;\">C. ROSA ICELA MART\u00cdNEZ ESPINOZA<\/td>\n<\/tr>\n<tr style=\"height: 35px;\">\n<td style=\"height: 35px;\"><strong>SUBSECRETARIO:<\/strong><\/td>\n<td style=\"height: 35px;\">C. MANUEL MONTA\u00d1O GUTI\u00c9RREZ<\/td>\n<\/tr>\n<tr class=\"back_tr1\" style=\"height: 35px;\">\n<td style=\"height: 35px;\"><strong>SUBSECRETARIO:<\/strong><\/td>\n<td style=\"height: 35px;\">C. MART\u00cdN D\u00cdAZ BORBOA<\/td>\n<\/tr>\n<tr style=\"height: 35px;\">\n<td style=\"height: 35px;\"><strong>SUBSECRETARIO:<\/strong><\/td>\n<td style=\"height: 35px;\">C. MARTHA JULISSA BOJ\u00d3RQUEZ CASTILLO<\/td>\n<\/tr>\n<\/tbody>\n<\/table>\n<table class=\"table\" style=\"width: 100%; height: 178px;\" cellspacing=\"0\" cellpadding=\"4\" align=\"center\">\n<thead class=\"thead-default\">\n<tr class=\"back_header\" style=\"height: 38px;\">\n<th style=\"height: 38px; width: 99.8569%;\" colspan=\"2\"><strong>SECRETAR\u00cdA DE BIENESTAR SOCIAL Y ECOLOG\u00cdA<\/strong><\/th>\n<\/tr>\n<\/thead>\n<tbody>\n<tr class=\"back_tr1\" style=\"height: 35px;\">\n<td class=\"tit-puestos\" style=\"height: 35px; width: 32.618%;\"><strong>SECRETARIO:<\/strong><\/td>\n<td style=\"height: 35px; width: 67.2389%;\">C. MAR\u00cdA ISABEL VEL\u00c1SQUEZ RENDON<\/td>\n<\/tr>\n<tr style=\"height: 35px;\">\n<td style=\"height: 35px; width: 32.618%;\"><strong>SUBSECRETARIO:<\/strong><\/td>\n<td style=\"height: 35px; width: 67.2389%;\">C. SONIA HAYDEE S\u00c1NCHEZ LERMA<\/td>\n<\/tr>\n<tr class=\"back_tr1\" style=\"height: 35px;\">\n<td style=\"height: 35px; width: 32.618%;\"><strong>SUBSECRETARIO:<\/strong><\/td>\n<td style=\"height: 35px; width: 67.2389%;\">C.PAOLA RASC\u00d3N MENDOZA<\/td>\n<\/tr>\n<tr style=\"height: 35px;\">\n<td style=\"height: 35px; width: 32.618%;\"><strong>SUBSECRETARIO:<\/strong><\/td>\n<td style=\"height: 35px; width: 67.2389%;\">C. OLIVIA LORETO RUIZ<\/td>\n<\/tr>\n<\/tbody>\n<\/table>\n<table class=\"table\" style=\"width: 100%; height: 178px;\" cellspacing=\"0\" cellpadding=\"4\" align=\"center\">\n<thead class=\"thead-default\">\n<tr class=\"back_header\" style=\"height: 38px;\">\n<th style=\"height: 38px; width: 99.8569%;\" colspan=\"2\"><strong>SECRETAR\u00cdA DE VIVIENDA<\/strong><\/th>\n<\/tr>\n<\/thead>\n<tbody>\n<tr class=\"back_tr1\" style=\"height: 35px;\">\n<td class=\"tit-puestos\" style=\"height: 35px; width: 32.618%;\"><strong>SECRETARIO:<\/strong><\/td>\n<td style=\"height: 35px; width: 67.2389%;\">C. REMEDIOS ANDRADE ARCOAMARILLO<\/td>\n<\/tr>\n<tr style=\"height: 35px;\">\n<td style=\"height: 35px; width: 32.618%;\"><strong>SUBSECRETARIO:<\/strong><\/td>\n<td style=\"height: 35px; width: 67.2389%;\">C. PEDRO ARMANDO MANZO IBARRA<\/td>\n<\/tr>\n<tr class=\"back_tr1\" style=\"height: 35px;\">\n<td style=\"height: 35px; width: 32.618%;\"><strong>SUBSECRETARIO:<\/strong><\/td>\n<td style=\"height: 35px; width: 67.2389%;\">C. GERM\u00c1N JOEL FLORES MORENO<\/td>\n<\/tr>\n<tr style=\"height: 35px;\">\n<td style=\"height: 35px; width: 32.618%;\"><strong>SUBSECRETARIO:<\/strong><\/td>\n<td style=\"height: 35px; width: 67.2389%;\">C. JOS\u00c9 DE LA CRUZ AMAVIZCA CH\u00c1VEZ<\/td>\n<\/tr>\n<\/tbody>\n<\/table>\n<table class=\"table\" style=\"font-family: 'Source Sans Pro', sans-serif; font-size: 1.6rem; width: 100%;\" cellspacing=\"0\" cellpadding=\"4\" align=\"center\">\n<thead class=\"thead-default\">\n<tr class=\"back_header\">\n<th style=\"width: 99.8758%;\" colspan=\"2\"><strong>SECRETAR\u00cdA DE COMUNICACI\u00d3N SOCIAL<\/strong><\/th>\n<\/tr>\n<\/thead>\n<tbody>\n<tr class=\"back_tr1\">\n<td class=\"tit-puestos\" style=\"width: 32.9193%;\"><strong>SECRETARIO:<\/strong><\/td>\n<td style=\"width: 66.9565%;\">C. MIRNA MIREYA PALAFOX GALAZ<\/td>\n<\/tr>\n<tr>\n<td style=\"width: 32.9193%;\"><strong>SUBSECRETARIO:<\/strong><\/td>\n<td style=\"width: 66.9565%;\">C. JOS\u00c9 RAM\u00d3N GAST\u00c9LUM ROCHA<\/td>\n<\/tr>\n<tr class=\"back_tr1\">\n<td style=\"width: 32.9193%;\"><strong>SUBSECRETARIO:<\/strong><\/td>\n<td style=\"width: 66.9565%;\">C. ALEJANDRO ENCINAS ARVAYO<\/td>\n<\/tr>\n<tr>\n<td style=\"width: 32.9193%;\"><strong>SUBSECRETARIO:<\/strong><\/td>\n<td style=\"width: 66.9565%;\">C. RICARDO GONZ\u00c1LEZ PALACIOS<\/td>\n<\/tr>\n<\/tbody>\n<\/table>\n<table class=\"table\" style=\"width: 100%;\" cellspacing=\"0\" cellpadding=\"4\" align=\"center\">\n<thead class=\"thead-default\">\n<tr class=\"back_header\">\n<th style=\"width: 99.8758%;\" colspan=\"2\"><strong>SECRETAR\u00cdA DE FINANZAS<\/strong><\/th>\n<\/tr>\n<\/thead>\n<tbody>\n<tr class=\"back_tr1\">\n<td class=\"tit-puestos\" style=\"width: 32.6708%;\"><strong>SECRETARIO:<\/strong><\/td>\n<td style=\"width: 67.205%;\">C. JOS\u00c9 ABEL SANDOVAL CABRAL<\/td>\n<\/tr>\n<tr>\n<td style=\"width: 32.6708%;\"><strong>SUBSECRETARIO:<\/strong><\/td>\n<td style=\"width: 67.205%;\">C. SILVIA GODOY VEA<\/td>\n<\/tr>\n<tr class=\"back_tr1\">\n<td style=\"width: 32.6708%;\"><strong>SUBSECRETARIO:<\/strong><\/td>\n<td style=\"width: 67.205%;\">C. PEDRO HERN\u00c1NDEZ MORALES<\/td>\n<\/tr>\n<tr>\n<td style=\"width: 32.6708%;\"><strong>SUBSECRETARIO:<\/strong><\/td>\n<td style=\"width: 67.205%;\">C. JOS\u00c9 \u00c1NGEL MAYORQU\u00cdN CARRILLO<\/td>\n<\/tr>\n<\/tbody>\n<\/table>\n<table class=\"table\" style=\"width: 100%;\" cellspacing=\"0\" cellpadding=\"4\" align=\"center\">\n<thead class=\"thead-default\">\n<tr class=\"back_header\">\n<th style=\"width: 99.8758%;\" colspan=\"2\"><strong>SECRETAR\u00cdA DE RELACIONES<\/strong><\/th>\n<\/tr>\n<\/thead>\n<tbody>\n<tr class=\"back_tr1\">\n<td class=\"tit-puestos\" style=\"width: 32.9193%;\"><strong>SECRETARIO:<\/strong><\/td>\n<td style=\"width: 66.9565%;\">C. ROSALVA ISLAS F\u00c9LIX<\/td>\n<\/tr>\n<tr>\n<td style=\"width: 32.9193%;\"><strong>SUBSECRETARIO:<\/strong><\/td>\n<td style=\"width: 66.9565%;\">C. JOS\u00c9 AURELIO FLORES GARC\u00cdA<\/td>\n<\/tr>\n<tr class=\"back_tr1\">\n<td style=\"width: 32.9193%;\"><strong>SUBSECRETARIO:<\/strong><\/td>\n<td style=\"width: 66.9565%;\">C. JES\u00daS MADRID ROBLES<\/td>\n<\/tr>\n<tr>\n<td style=\"width: 32.9193%;\"><strong>SUBSECRETARIO:<\/strong><\/td>\n<td style=\"width: 66.9565%;\">C. GUADALUPE SILVIA BALBASTRO<\/td>\n<\/tr>\n<\/tbody>\n<\/table>\n<table class=\"table\" style=\"width: 100%; height: 178px;\" cellspacing=\"0\" cellpadding=\"4\" align=\"center\">\n<thead class=\"thead-default\">\n<tr class=\"back_header\" style=\"height: 38px;\">\n<th style=\"height: 38px; width: 99.8758%;\" colspan=\"2\"><strong>SECRETAR\u00cdA DE TRANSPORTE<\/strong><\/th>\n<\/tr>\n<\/thead>\n<tbody>\n<tr class=\"back_tr1\" style=\"height: 35px;\">\n<td class=\"tit-puestos\" style=\"height: 35px; width: 33.4161%;\"><strong>SECRETARIO:<\/strong><\/td>\n<td style=\"height: 35px; width: 66.4596%;\">C. FAUSTINO RAYGOZA TIRADO<\/td>\n<\/tr>\n<tr style=\"height: 35px;\">\n<td style=\"height: 35px; width: 33.4161%;\"><strong>SUBSECRETARIO:<\/strong><\/td>\n<td style=\"height: 35px; width: 66.4596%;\">C. ALEJANDRO ROCHA G\u00c1MEZ<\/td>\n<\/tr>\n<tr class=\"back_tr1\" style=\"height: 35px;\">\n<td style=\"height: 35px; width: 33.4161%;\"><strong>SUBSECRETARIO:<\/strong><\/td>\n<td style=\"height: 35px; width: 66.4596%;\">C. MART\u00cdN EZGARDO HIGUERA L\u00d3PEZ<\/td>\n<\/tr>\n<tr style=\"height: 35px;\">\n<td style=\"height: 35px; width: 33.4161%;\"><strong>SUBSECRETARIO:<\/strong><\/td>\n<td style=\"height: 35px; width: 66.4596%;\">C. IBIS MODESTO MART\u00cdNEZ BARCEL\u00d3<\/td>\n<\/tr>\n<\/tbody>\n<\/table>\n<table class=\"table\" cellspacing=\"0\" cellpadding=\"4\" align=\"center\">\n<thead class=\"thead-default\">\n<tr class=\"back_header\">\n<th colspan=\"2\"><strong>SECRETAR\u00cdA DE AGRICULTURA<\/strong><\/th>\n<\/tr>\n<\/thead>\n<tbody>\n<tr class=\"back_tr1\">\n<td class=\"tit-puestos\"><strong>SECRETARIO:<\/strong><\/td>\n<td>C. JAIME G\u00c1MEZ G\u00d3MEZ<\/td>\n<\/tr>\n<tr>\n<td><strong>SUBSECRETARIO:<\/strong><\/td>\n<td>C. JES\u00daS FRANCISCO FIGUEROA MONTES<\/td>\n<\/tr>\n<tr class=\"back_tr1\">\n<td><strong>SUBSECRETARIO:<\/strong><\/td>\n<td>C. JOEL TORRES MUNGARAY<\/td>\n<\/tr>\n<tr>\n<td><strong>SUBSECRETARIO:<\/strong><\/td>\n<td>C. ERASMO ALEJANDRO NAVARRO L\u00d3PEZ<\/td>\n<\/tr>\n<\/tbody>\n<\/table>\n<table class=\"table\" cellspacing=\"0\" cellpadding=\"4\" align=\"center\">\n<thead class=\"thead-default\">\n<tr class=\"back_header\">\n<th colspan=\"2\"><strong>SECRETAR\u00cdA DE GRUPOS SOCIALES MARGINADOS<\/strong><\/th>\n<\/tr>\n<\/thead>\n<tbody>\n<tr class=\"back_tr1\">\n<td class=\"tit-puestos\"><strong>SECRETARIO:<\/strong><\/td>\n<td>C. JOS\u00c9 HERN\u00c1NDEZ G\u00d3MEZ<\/td>\n<\/tr>\n<tr>\n<td><strong>SUBSECRETARIO:<\/strong><\/td>\n<td>C. MARISELA MONTENEGRO RETAMOZA<\/td>\n<\/tr>\n<tr class=\"back_tr1\">\n<td><strong>SUBSECRETARIO:<\/strong><\/td>\n<td>C. ZULEMA MURRIETA BOJ\u00d3RQUEZ<\/td>\n<\/tr>\n<tr>\n<td><strong>SUBSECRETARIO:<\/strong><\/td>\n<td>C. JES\u00daS MAR\u00cdA GUERRERO RODR\u00cdGUEZ<\/td>\n<\/tr>\n<\/tbody>\n<\/table>\n<table class=\"table\" style=\"width: 100%; height: 178px;\" cellspacing=\"0\" cellpadding=\"4\" align=\"center\">\n<thead class=\"thead-default\">\n<tr class=\"back_header\" style=\"height: 38px;\">\n<th style=\"height: 38px; width: 99.8757%;\" colspan=\"2\"><strong>SECRETAR\u00cdA DE ACCI\u00d3N FEMENIL<\/strong><\/th>\n<\/tr>\n<\/thead>\n<tbody>\n<tr class=\"back_tr1\" style=\"height: 35px;\">\n<td class=\"tit-puestos\" style=\"height: 35px; width: 34.4099%;\"><strong>SECRETARIO:<\/strong><\/td>\n<td style=\"height: 35px; width: 65.4658%;\">C. ALMA ESTRADA DUARTE<\/td>\n<\/tr>\n<tr style=\"height: 35px;\">\n<td style=\"height: 35px; width: 34.4099%;\"><strong>SUBSECRETARIO:<\/strong><\/td>\n<td style=\"height: 35px; width: 65.4658%;\">C. NATALIA ALEM\u00c1N ROMERO<\/td>\n<\/tr>\n<tr class=\"back_tr1\" style=\"height: 35px;\">\n<td style=\"height: 35px; width: 34.4099%;\"><strong>SUBSECRETARIO:<\/strong><\/td>\n<td style=\"height: 35px; width: 65.4658%;\">C. MAR\u00cdA LETICIA PALMA CRUZ<\/td>\n<\/tr>\n<tr style=\"height: 35px;\">\n<td style=\"height: 35px; width: 34.4099%;\"><strong>SUBSECRETARIO:<\/strong><\/td>\n<td style=\"height: 35px; width: 65.4658%;\">C. LOURDES PATRICIA BAIL\u00d3N<\/td>\n<\/tr>\n<\/tbody>\n<\/table>\n<table class=\"table\" style=\"width: 100%;\" cellspacing=\"0\" cellpadding=\"4\" align=\"center\">\n<thead class=\"thead-default\">\n<tr class=\"back_header\">\n<th style=\"width: 99.8758%;\" colspan=\"2\"><strong>SECRETAR\u00cdA DE ACCI\u00d3N JUVENIL<\/strong><\/th>\n<\/tr>\n<\/thead>\n<tbody>\n<tr class=\"back_tr1\">\n<td class=\"tit-puestos\" style=\"width: 34.7826%;\"><strong>SECRETARIO:<\/strong><\/td>\n<td style=\"width: 65.0932%;\">C. JOS\u00c9 GUADALUPE ALAN\u00cdZ FAR\u00cdAS<\/td>\n<\/tr>\n<tr>\n<td style=\"width: 34.7826%;\"><strong>SUBSECRETARIO:<\/strong><\/td>\n<td style=\"width: 65.0932%;\">C. RODRIGO MINJAREZ BLASCO<\/td>\n<\/tr>\n<tr class=\"back_tr1\">\n<td style=\"width: 34.7826%;\"><strong>SUBSECRETARIO:<\/strong><\/td>\n<td style=\"width: 65.0932%;\">C. RA\u00daL CARRERA GONZ\u00c1LEZ<\/td>\n<\/tr>\n<tr>\n<td style=\"width: 34.7826%;\"><strong>SUBSECRETARIO:<\/strong><\/td>\n<td style=\"width: 65.0932%;\">C. JUAN \u00c1NGEL MEDRANO RAM\u00cdREZ<\/td>\n<\/tr>\n<\/tbody>\n<\/table>\n<table class=\"table\" style=\"width: 100%;\" cellspacing=\"0\" cellpadding=\"4\" align=\"center\">\n<thead class=\"thead-default\">\n<tr class=\"back_header\">\n<th style=\"width: 99.8758%;\" colspan=\"2\"><strong>SECRETAR\u00cdA DE CONTRALOR\u00cdA Y JUSTICIA<\/strong><\/th>\n<\/tr>\n<\/thead>\n<tbody>\n<tr class=\"back_tr1\">\n<td class=\"tit-puestos\" style=\"width: 34.9068%;\"><strong>PRESIDENTE:<\/strong><\/td>\n<td style=\"width: 64.9689%;\">C. JOS\u00c9 ESTEBAN PERAL COTA<\/td>\n<\/tr>\n<tr>\n<td style=\"width: 34.9068%;\"><strong>SECRETARIO:<\/strong><\/td>\n<td style=\"width: 64.9689%;\">C. JOS\u00c9 GUADALUPE CASTRO LUGO<\/td>\n<\/tr>\n<tr class=\"back_tr1\">\n<td style=\"width: 34.9068%;\"><strong>VOCAL:<\/strong><\/td>\n<td style=\"width: 64.9689%;\">C. ADRIA FLORES SOTO<\/td>\n<\/tr>\n<tr>\n<td style=\"width: 34.9068%;\"><strong>SUPLENTE:<\/strong><\/td>\n<td style=\"width: 64.9689%;\">C. CHRISTIAN GILDARDO MORENO VERDUGO<\/td>\n<\/tr>\n<tr class=\"back_tr1\">\n<td style=\"width: 34.9068%;\"><strong>SUPLENTE:<\/strong><\/td>\n<td style=\"width: 64.9689%;\">C. H\u00c9CTOR JES\u00daS MART\u00cdNEZ CRUZ<\/td>\n<\/tr>\n<tr>\n<td style=\"width: 34.9068%;\"><strong>SUPLENTE:<\/strong><\/td>\n<td style=\"width: 64.9689%;\">C. REY MANUEL HERN\u00c1NDEZ CAMACHO<\/td>\n<\/tr>\n<\/tbody>\n<\/table>\n<table class=\"table\" style=\"width: 100%;\" cellspacing=\"0\" cellpadding=\"4\" align=\"center\">\n<thead class=\"thead-default\">\n<tr class=\"back_header\">\n<th style=\"width: 99.8758%;\" colspan=\"2\"><strong>COMISI\u00d3N DEL DEPORTE<\/strong><\/th>\n<\/tr>\n<\/thead>\n<tbody>\n<tr class=\"back_tr1\">\n<td class=\"tit-puestos\" style=\"width: 35.4037%;\"><strong>SECRETARIO:<\/strong><\/td>\n<td style=\"width: 64.472%;\">C. JES\u00daS RAM\u00d3N RIVERA GUTI\u00c9RREZ<\/td>\n<\/tr>\n<tr>\n<td style=\"width: 35.4037%;\"><strong>SUBSECRETARIO:<\/strong><\/td>\n<td style=\"width: 64.472%;\">C. N\u00c9STOR RIVERA IBARRA<\/td>\n<\/tr>\n<tr class=\"back_tr1\">\n<td style=\"width: 35.4037%;\"><strong>SUBSECRETARIO:<\/strong><\/td>\n<td style=\"width: 64.472%;\">C. MIGUEL \u00c1NGEL SORIA ZAMORA<\/td>\n<\/tr>\n<tr>\n<td style=\"width: 35.4037%;\"><strong>SUBSECRETARIO:<\/strong><\/td>\n<td style=\"width: 64.472%;\">C. DANIEL EDGARDO JIM\u00c9NEZ L\u00d3PEZ<\/td>\n<\/tr>\n<\/tbody>\n<\/table>\n","protected":false},"excerpt":{"rendered":"SECRETARIO GENERAL: LIC. JAVIER VILLARREAL G\u00c1MEZ SECRETARIOS GENERALES SUSTITUTOS: C. OSCAR ORTIZ ARVAYO C. LUIS ALFONSO ACOSTA C\u00c1RDENAS C. JUAN ROLANDO CORRAL L\u00d3PEZ \n<a class=\"moretag\" href=\"http:\/\/www.ctmsonora.org\/?page_id=178\"> [...]<\/a>","protected":false},"author":1,"featured_media":0,"parent":0,"menu_order":0,"comment_status":"open","ping_status":"open","template":"","meta":{"footnotes":""},"class_list":["post-178","page","type-page","status-publish","hentry"],"_links":{"self":[{"href":"http:\/\/www.ctmsonora.org\/index.php?rest_route=\/wp\/v2\/pages\/178","targetHints":{"allow":["GET"]}}],"collection":[{"href":"http:\/\/www.ctmsonora.org\/index.php?rest_route=\/wp\/v2\/pages"}],"about":[{"href":"http:\/\/www.ctmsonora.org\/index.php?rest_route=\/wp\/v2\/types\/page"}],"author":[{"embeddable":true,"href":"http:\/\/www.ctmsonora.org\/index.php?rest_route=\/wp\/v2\/users\/1"}],"replies":[{"embeddable":true,"href":"http:\/\/www.ctmsonora.org\/index.php?rest_route=%2Fwp%2Fv2%2Fcomments&post=178"}],"version-history":[{"count":31,"href":"http:\/\/www.ctmsonora.org\/index.php?rest_route=\/wp\/v2\/pages\/178\/revisions"}],"predecessor-version":[{"id":8456,"href":"http:\/\/www.ctmsonora.org\/index.php?rest_route=\/wp\/v2\/pages\/178\/revisions\/8456"}],"wp:attachment":[{"href":"http:\/\/www.ctmsonora.org\/index.php?rest_route=%2Fwp%2Fv2%2Fmedia&parent=178"}],"curies":[{"name":"wp","href":"https:\/\/api.w.org\/{rel}","templated":true}]}}