























{"id":146,"date":"2011-07-22T17:15:47","date_gmt":"2011-07-22T17:15:47","guid":{"rendered":"http:\/\/www.ctmsonora.org\/?page_id=146"},"modified":"2011-07-22T17:36:54","modified_gmt":"2011-07-22T17:36:54","slug":"historia","status":"publish","type":"page","link":"http:\/\/www.ctmsonora.org\/?page_id=146","title":{"rendered":"HISTORIA"},"content":{"rendered":"<p><strong>La Federaci\u00f3n de Trabajadores del Estado de Sonora<\/strong> nace de su congreso constituyente, celebrado los d\u00edas 10, 11 y 12 de mes de Junio de 1937 en Ciudad Obreg\u00f3n, Sonora; es decir cumpli\u00f3 73 a\u00f1os de vida activa.<\/p>\n<p>Para la celebraci\u00f3n del Congreso Constituyente se realizaron varias reuniones y se integr\u00f3 un comit\u00e9 organizador conformado por l\u00edderes de todo el Estado, preocupados por la situaci\u00f3n por la que atravesaban los trabajadores y los campesinos, y ante la intransigencia del entonces Gobernador General Rom\u00e1n Yocupicio. Se elige al C. Jes\u00fas Retamoza como presidente del Comit\u00e9 Organizador del Congreso, Secretario al Profr. Leonardo Maga\u00f1a; as\u00ed como en diferentes comisiones a: Jacinto L\u00f3pez, Rafael Contreras, Miguel Contreras, Manuel Leyva, Praxedis Gastelum, Saturnino Saldivar, Arturo Esquer, Profr. Hermenegildo Pe\u00f1a, Isabel Padilla, Francisco Trejo, Miguel Salas, Eusebio Morales, Mar\u00eda Luz Covarrubias, Pedro Rodr\u00edguez, Jes\u00fas Nieblas, Manuel R. Bobadilla, Antonio C. Parada, Profr. Francisco Figueroa Mendoza, Manuel S. Corbal\u00e1, Vicente Padilla, Eva Quiroz, Esperanza Polanco, Orencio L\u00f3pez, Isidro Arvayo, Mat\u00edas M\u00e9ndez, Prisciliano Ochoa, Pablo Espinoza, Carolina de Estrada, Luciano Moroyoqui, Maximiliano R. L\u00f3pez, Bernab\u00e9 Arana, Roberto Zambada, Edmundo Gastelum, Eulalio V\u00e1zquez, Esther Nieblas, L\u00e1zaro Espinoza, Ram\u00f3n H. Olivarria, Manuel S. Torres, Guadalupe Alcar\u00e1z, Guadalpe Ornelas, Manuel Alatorre, Florencio Escoboza, Fortunato Gonz\u00e1lez, Aurelio Garc\u00eda; entre otros visionarios y entusiastas lideres Constituyentes.<\/p>\n<p>Se toma como acuerdo por unanimidad el de otorgar una voto de confianza y adhesi\u00f3n al C. General L\u00e1zaro C\u00e1rdenas, Presidente de la Rep\u00fablica; en igual forma al Comit\u00e9 Nacional de la <strong>Confederaci\u00f3n de Trabajadores de M\u00e9xico, C.T.M.<\/strong> y a su Secretario General C. Lic. Vicente Lombardo Toledano.<\/p>\n<p>Una vez agotados los trabajos del temario y celebrada la elecci\u00f3n, el C. Fidel Vel\u00e1zquez toma protesta a los integrantes del Comit\u00e9 Ejecutivo de la naciente Federaci\u00f3n, encabezados por su primer Secretario General, el compa\u00f1ero Jacinto L\u00f3pez Moreno.<\/p>\n<p><strong>FEDERACI\u00d3N DE TRABAJADORES DEL ESTADO DE SONORA, C.T.M.<\/strong><\/p>\n<p>Primer Comit\u00e9 Ejectivo, 12 de Junio de 1937; Secretario General &#8211; Jacinto L\u00f3pez Moreno (Cd. Obreg\u00f3n), Secretario de Trabajo y Conflictos &#8211; Saturnino Saldivar Alcal\u00e1 (Campo 65 Bac\u00fam), Secretario de Organizaci\u00f3n y Propaganda &#8211; Manuel Leyva Parra (Nogales), Secretario de Acci\u00f3n Campesina &#8211; Manuel R. Bobadilla (Pueblo Yaqui-Cajeme), Secretario de Educaci\u00f3n y Asuntos Culturales &#8211; Antonio C. Parada Gil (Magdalena), Secretario de Asuntos T\u00e9cnicos y Previsi\u00f3n Social &#8211; Praxedis Gastelum Gil (Huatabampo), Secretario de Finanas y Estad\u00edstica \u2013 Arturo Esquer (Etchojoa).<\/p>\n","protected":false},"excerpt":{"rendered":"La Federaci\u00f3n de Trabajadores del Estado de Sonora nace de su congreso constituyente, celebrado los d\u00edas 10, 11 y 12 de mes de \n<a class=\"moretag\" href=\"http:\/\/www.ctmsonora.org\/?page_id=146\"> [...]<\/a>","protected":false},"author":1,"featured_media":0,"parent":0,"menu_order":0,"comment_status":"open","ping_status":"open","template":"","meta":{"footnotes":""},"class_list":["post-146","page","type-page","status-publish","hentry"],"_links":{"self":[{"href":"http:\/\/www.ctmsonora.org\/index.php?rest_route=\/wp\/v2\/pages\/146","targetHints":{"allow":["GET"]}}],"collection":[{"href":"http:\/\/www.ctmsonora.org\/index.php?rest_route=\/wp\/v2\/pages"}],"about":[{"href":"http:\/\/www.ctmsonora.org\/index.php?rest_route=\/wp\/v2\/types\/page"}],"author":[{"embeddable":true,"href":"http:\/\/www.ctmsonora.org\/index.php?rest_route=\/wp\/v2\/users\/1"}],"replies":[{"embeddable":true,"href":"http:\/\/www.ctmsonora.org\/index.php?rest_route=%2Fwp%2Fv2%2Fcomments&post=146"}],"version-history":[{"count":3,"href":"http:\/\/www.ctmsonora.org\/index.php?rest_route=\/wp\/v2\/pages\/146\/revisions"}],"predecessor-version":[{"id":160,"href":"http:\/\/www.ctmsonora.org\/index.php?rest_route=\/wp\/v2\/pages\/146\/revisions\/160"}],"wp:attachment":[{"href":"http:\/\/www.ctmsonora.org\/index.php?rest_route=%2Fwp%2Fv2%2Fmedia&parent=146"}],"curies":[{"name":"wp","href":"https:\/\/api.w.org\/{rel}","templated":true}]}}