























{"id":12,"date":"2011-07-02T18:26:26","date_gmt":"2011-07-02T18:26:26","guid":{"rendered":"http:\/\/www.ctmsonora.org\/?page_id=12"},"modified":"2019-01-09T18:43:32","modified_gmt":"2019-01-09T18:43:32","slug":"ligas","status":"publish","type":"page","link":"http:\/\/www.ctmsonora.org\/?page_id=12","title":{"rendered":"LIGAS"},"content":{"rendered":"<div class=\"row\">\n<div class=\"col-md-4\">\n<div class=\"feature-box feature-box-style-2\">\n<div class=\"feature-box-icon\"><\/div>\n<div class=\"feature-box-info checkLigas\">\n<div class=\"titLigas\"><a href=\"http:\/\/www.youtube.com\/watch?v=LjLJ06g0W5I\" target=\"_blank\">Aumentan tarifa transporte de carga<\/a><\/div>\n<\/div>\n<\/div>\n<\/div>\n<div class=\"col-md-4\">\n<div class=\"feature-box feature-box-style-2\">\n<div class=\"feature-box-icon\"><\/div>\n<div class=\"feature-box-info checkLigas\">\n<div class=\"titLigas\"><a href=\"http:\/\/www.ctmorganizacion.org.mx\/\" target=\"_blank\">Confederaci\u00f3n de Trabajadores de M\u00e9xico (CTM)<\/a><\/div>\n<\/div>\n<\/div>\n<\/div>\n<div class=\"col-md-4\">\n<div class=\"feature-box feature-box-style-2\">\n<div class=\"feature-box-icon\"><\/div>\n<div class=\"feature-box-info checkLigas\">\n<div class=\"titLigas\"><a href=\"http:\/\/www.imss.gob.mx\/\" target=\"_blank\">Instituto Mexicano del Seguro Social (IMSS)<\/a><\/div>\n<\/div>\n<\/div>\n<\/div>\n<\/div>\n<div class=\"row\">\n<div class=\"col-md-4\">\n<div class=\"feature-box feature-box-style-2\">\n<div class=\"feature-box-icon\"><\/div>\n<div class=\"feature-box-info  checkLigas\">\n<div class=\"titLigas\"><a href=\"http:\/\/www.infonavit.gob.mx\/\" target=\"_blank\">INFONAVIT<\/a><\/div>\n<\/div>\n<\/div>\n<\/div>\n<div class=\"col-md-4\">\n<div class=\"feature-box feature-box-style-2\">\n<div class=\"feature-box-icon\"><\/div>\n<div class=\"feature-box-info checkLigas\">\n<div class=\"titLigas\"><a href=\"http:\/\/www.consar.gob.mx\/\" target=\"_blank\">Comisi\u00f3n Nacional del Sistema de Ahorro para el Retiro (CONSAR)<\/a><\/div>\n<\/div>\n<\/div>\n<\/div>\n<div class=\"col-md-4\">\n<div class=\"feature-box feature-box-style-2\">\n<div class=\"feature-box-icon\"><\/div>\n<div class=\"feature-box-info checkLigas\">\n<div class=\"titLigas\"><a href=\"http:\/\/www.profeco.gob.mx\/\" target=\"_blank\">Procuradur\u00eda Federal del Consumidor (PROFECO)<\/a><\/div>\n<\/div>\n<\/div>\n<\/div>\n<\/div>\n<div class=\"row\">\n<div class=\"col-md-4\">\n<div class=\"feature-box feature-box-style-2\">\n<div class=\"feature-box-icon\"><\/div>\n<div class=\"feature-box-info checkLigas\">\n<div class=\"titLigas\"><a href=\"http:\/\/www.condusef.gob.mx\/\" target=\"_blank\">CONDUSEF<\/a><\/div>\n<\/div>\n<\/div>\n<\/div>\n<div class=\"col-md-4\">\n<div class=\"feature-box feature-box-style-2\">\n<div class=\"feature-box-icon\"><\/div>\n<div class=\"feature-box-info checkLigas\">\n<div class=\"titLigas\"><a href=\"http:\/\/www.fonacot.gob.mx\/\" target=\"_blank\">Cr\u00e9dito FONACOT<\/a><\/div>\n<\/div>\n<\/div>\n<\/div>\n<div class=\"col-md-4\">\n<div class=\"feature-box feature-box-style-2\">\n<div class=\"feature-box-icon\"><\/div>\n<div class=\"feature-box-info checkLigas\">\n<div class=\"titLigas\"><a href=\"http:\/\/www.ilo.org\/global\/lang--es\/index.htm\" target=\"_blank\">Organizaci\u00f3n Internacional del Trabajo<\/a><\/div>\n<\/div>\n<\/div>\n<\/div>\n<\/div>\n<div class=\"row\">\n<div class=\"col-md-4\">\n<div class=\"feature-box feature-box-style-2\">\n<div class=\"feature-box-icon\"><\/div>\n<div class=\"feature-box-info checkLigas\">\n<div class=\"titLigas\"><a href=\"http:\/\/www.stps.gob.mx\/\" target=\"_blank\">Secretar\u00eda del Trabajo y Previsi\u00f3n Social (STPS)<\/a><\/div>\n<\/div>\n<\/div>\n<\/div>\n<div class=\"col-md-4\">\n<div class=\"feature-box feature-box-style-2\">\n<div class=\"feature-box-icon\"><\/div>\n<div class=\"feature-box-info checkLigas\">\n<div class=\"titLigas\"><a href=\"http:\/\/www.profedet.gob.mx\/\" target=\"_blank\">Procuradur\u00eda Federal de la Defensa del Trabajo<\/a><\/div>\n<\/div>\n<\/div>\n<\/div>\n<div class=\"col-md-4\">\n<div class=\"feature-box feature-box-style-2\">\n<div class=\"feature-box-icon\"><\/div>\n<div class=\"feature-box-info checkLigas\">\n<div class=\"titLigas\"><a href=\"http:\/\/www.sonora.gob.mx\/\" target=\"_blank\">Gobierno del Estado de Sonora<\/a><\/div>\n<\/div>\n<\/div>\n<\/div>\n<\/div>\n<div class=\"row\">\n<div class=\"col-md-4\">\n<div class=\"feature-box feature-box-style-2\">\n<div class=\"feature-box-icon\"><\/div>\n<div class=\"feature-box-info checkLigas\">\n<div class=\"titLigas\"><a href=\"http:\/\/www.congresoson.gob.mx\/\" target=\"_blank\">H. Congreso del Estado de Sonora<\/a><\/div>\n<\/div>\n<\/div>\n<\/div>\n<div class=\"col-md-4\">\n<div class=\"feature-box feature-box-style-2\">\n<div class=\"feature-box-icon\"><\/div>\n<div class=\"feature-box-info checkLigas\">\n<div class=\"titLigas\"><a href=\"http:\/\/www.diputados.gob.mx\/\" target=\"_blank\">C\u00e1mara de Diputados del H. Congreso de la Uni\u00f3n<\/a><\/div>\n<\/div>\n<\/div>\n<\/div>\n<div class=\"col-md-4\">\n<div class=\"feature-box feature-box-style-2\">\n<div class=\"feature-box-icon\"><\/div>\n<div class=\"feature-box-info checkLigas\">\n<div class=\"titLigas\"><a href=\"http:\/\/www.senado.gob.mx\/\" target=\"_blank\">Senado de la Rep\u00fablica<\/a><\/div>\n<\/div>\n<\/div>\n<\/div>\n<\/div>\n<div class=\"row\">\n<div class=\"col-md-4\">\n<div class=\"feature-box feature-box-style-2\">\n<div class=\"feature-box-icon\"><\/div>\n<div class=\"feature-box-info checkLigas\">\n<div class=\"titLigas\"><a href=\"http:\/\/revistadelconsumidor.gob.mx\/\" target=\"_blank\">Revista del Consumidor<\/a><\/div>\n<\/div>\n<\/div>\n<\/div>\n<\/div>\n","protected":false},"excerpt":{"rendered":"Aumentan tarifa transporte de carga Confederaci\u00f3n de Trabajadores de M\u00e9xico (CTM) Instituto Mexicano del Seguro Social (IMSS) INFONAVIT Comisi\u00f3n Nacional del Sistema de \n<a class=\"moretag\" href=\"http:\/\/www.ctmsonora.org\/?page_id=12\"> [...]<\/a>","protected":false},"author":1,"featured_media":0,"parent":0,"menu_order":0,"comment_status":"open","ping_status":"open","template":"","meta":{"footnotes":""},"class_list":["post-12","page","type-page","status-publish","hentry"],"_links":{"self":[{"href":"http:\/\/www.ctmsonora.org\/index.php?rest_route=\/wp\/v2\/pages\/12","targetHints":{"allow":["GET"]}}],"collection":[{"href":"http:\/\/www.ctmsonora.org\/index.php?rest_route=\/wp\/v2\/pages"}],"about":[{"href":"http:\/\/www.ctmsonora.org\/index.php?rest_route=\/wp\/v2\/types\/page"}],"author":[{"embeddable":true,"href":"http:\/\/www.ctmsonora.org\/index.php?rest_route=\/wp\/v2\/users\/1"}],"replies":[{"embeddable":true,"href":"http:\/\/www.ctmsonora.org\/index.php?rest_route=%2Fwp%2Fv2%2Fcomments&post=12"}],"version-history":[{"count":31,"href":"http:\/\/www.ctmsonora.org\/index.php?rest_route=\/wp\/v2\/pages\/12\/revisions"}],"predecessor-version":[{"id":7684,"href":"http:\/\/www.ctmsonora.org\/index.php?rest_route=\/wp\/v2\/pages\/12\/revisions\/7684"}],"wp:attachment":[{"href":"http:\/\/www.ctmsonora.org\/index.php?rest_route=%2Fwp%2Fv2%2Fmedia&parent=12"}],"curies":[{"name":"wp","href":"https:\/\/api.w.org\/{rel}","templated":true}]}}